{"id":346,"date":"2025-04-24T17:50:08","date_gmt":"2025-04-24T15:50:08","guid":{"rendered":"https:\/\/atlensys.com\/?page_id=346"},"modified":"2025-06-05T16:33:59","modified_gmt":"2025-06-05T14:33:59","slug":"carriere","status":"publish","type":"page","link":"https:\/\/atlensys.com\/fr\/carriere\/","title":{"rendered":"Carri\u00e8re"},"content":{"rendered":"\n<section id=\"join-a-leading-european-company\" class=\"darkblue\">\n    <div class=\"container\">\n        \n\n    <h2 class=\"title white\">Rejoignez un leader de l&rsquo;industrie europ\u00e9enne !<\/h2>\n\n\n\n<div class=\"text\">\n            <p style=\"text-align: center;\">Rejoindre ATLENSYS, c\u2019est int\u00e9grer un groupe technologique europ\u00e9en en pleine croissance,<br \/>\nsp\u00e9cialis\u00e9 dans les solutions laser de haute pr\u00e9cision.<br \/>\nPr\u00e9sents en France, en Italie et en Allemagne, nous op\u00e9rons sur un march\u00e9 en plein essor,<br \/>\nau croisement de l\u2019industrie, de la recherche scientifique et des sciences de la vie.<\/p>\n    <\/div>\n\n<div class=\"block-cards-superposed-images\">\n    <ul class=\"cards\">\n                    <li>\n                <div class=\"back-image\" style=\"background-image: url('https:\/\/atlensys.com\/wp-content\/uploads\/2025\/05\/atlensys-careers-join-a-leading-european-company1-scaled.jpg');background-size:cover;background-repeat:no-repeat;\"><\/div>\n                <div class=\"front-image\">\n                    <img decoding=\"async\" src=\"https:\/\/atlensys.com\/wp-content\/uploads\/2025\/05\/atlensys-homepage-an-innovative-vision-logo.png\" alt=\"ATLENSYS white group logo\">\n                <\/div>\n                            <\/li>\n                    <li>\n                <div class=\"back-image\" style=\"background-image: url('https:\/\/atlensys.com\/wp-content\/uploads\/2025\/05\/atlensys-careers-join-a-leading-european-company2-scaled.jpg');background-size:cover;background-repeat:no-repeat;\"><\/div>\n                <div class=\"front-image\">\n                    <img decoding=\"async\" src=\"https:\/\/atlensys.com\/wp-content\/uploads\/2025\/05\/atlensys-homepage-an-innovative-vision-logo.png\" alt=\"ATLENSYS white group logo\">\n                <\/div>\n                            <\/li>\n                    <li>\n                <div class=\"back-image\" style=\"background-image: url('https:\/\/atlensys.com\/wp-content\/uploads\/2025\/05\/atlensys-careers-join-a-leading-european-company3-scaled.jpg');background-size:cover;background-repeat:no-repeat;\"><\/div>\n                <div class=\"front-image\">\n                    <img decoding=\"async\" src=\"https:\/\/atlensys.com\/wp-content\/uploads\/2025\/05\/atlensys-homepage-an-innovative-vision-logo.png\" alt=\"ATLENSYS white group logo\">\n                <\/div>\n                            <\/li>\n            <\/ul>\n<\/div>\n\n    <\/div>\n<\/section>\n\n\n<section id=\"want-to-join-us\" class=\"verydarkblue\">\n    <div class=\"container\">\n        \n\n    <h2 class=\"title white\">Envie de nous rejoindre ?<\/h2>\n\n\n<div class=\"block-cards-picto-title\">\n    <ul class=\"cards\">\n                    \n            \n                            <li class=\"w32\">\n            \n                                    <div class=\"image\">\n                        <img decoding=\"async\" class=\"img-classic\" src=\"https:\/\/atlensys.com\/wp-content\/uploads\/2025\/05\/atlensys-career-want-to-join-us1-scaled.jpg\" alt=\"\">\n                    <\/div>\n                \n                \n                \n                                    <div class=\"text\">\n                        <p><p style=\"text-align: center;\">Travaillez dans une industrie d\u2019excellence<br \/>\net un secteur d\u2019avenir<\/p>\n<\/p>                            <\/li>\n                    \n            \n                            <li class=\"w32\">\n            \n                                    <div class=\"image\">\n                        <img decoding=\"async\" class=\"img-classic\" src=\"https:\/\/atlensys.com\/wp-content\/uploads\/2025\/05\/atlensys-career-want-to-join-us2-scaled.jpg\" alt=\"\">\n                    <\/div>\n                \n                \n                \n                                    <div class=\"text\">\n                        <p><p style=\"text-align: center;\">\u00c9voluez dans un environnement<br \/>\n\u00e0 dimension europ\u00e9enne<\/p>\n<\/p>                            <\/li>\n                    \n            \n                            <li class=\"w32\">\n            \n                                    <div class=\"image\">\n                        <img decoding=\"async\" class=\"img-classic\" src=\"https:\/\/atlensys.com\/wp-content\/uploads\/2025\/05\/atlensys-career-want-to-join-us3-v2.jpg\" alt=\"\">\n                    <\/div>\n                \n                \n                \n                                    <div class=\"text\">\n                        <p><p style=\"text-align: center;\">Soyez acteur de votre carri\u00e8re,<br \/>\ndans un groupe \u00e0 taille humaine<\/p>\n<\/p>                            <\/li>\n            <\/ul>\n<\/div>\n\n    <\/div>\n<\/section>\n\n\n<section id=\"our-business\" class=\"darkblue\">\n    <div class=\"container\">\n        \n\n    <h2 class=\"title white\">Nos m\u00e9tiers<\/h2>\n\n\n<div class=\"block-cards-picto-title\">\n    <ul class=\"cards\">\n                    \n            \n                            <li class=\"w32\">\n            \n                \n                                    <div class=\"picto\">\n                        <img decoding=\"async\" class=\"img-default\" src=\"https:\/\/atlensys.com\/wp-content\/uploads\/2025\/05\/atlensys-careers-our-business-picto1.svg\" alt=\"\">\n                        <img decoding=\"async\" class=\"img-hover\" src=\"https:\/\/atlensys.com\/wp-content\/uploads\/2025\/05\/atlensys-careers-our-business-picto1-blue.svg\" alt=\"\">\n                    <\/div>\n                \n                                    <div class=\"title\">\n                        Marketing \u2028&#038; Communication                    <\/div>\n                \n                            <\/li>\n                    \n            \n                            <li class=\"w32\">\n            \n                \n                                    <div class=\"picto\">\n                        <img decoding=\"async\" class=\"img-default\" src=\"https:\/\/atlensys.com\/wp-content\/uploads\/2025\/05\/atlensys-careers-our-business-picto2.svg\" alt=\"\">\n                        <img decoding=\"async\" class=\"img-hover\" src=\"https:\/\/atlensys.com\/wp-content\/uploads\/2025\/05\/atlensys-careers-our-business-picto2-blue.svg\" alt=\"\">\n                    <\/div>\n                \n                                    <div class=\"title\">\n                        D\u00e9veloppement Business                    <\/div>\n                \n                            <\/li>\n                    \n            \n                            <li class=\"w32\">\n            \n                \n                                    <div class=\"picto\">\n                        <img decoding=\"async\" class=\"img-default\" src=\"https:\/\/atlensys.com\/wp-content\/uploads\/2025\/05\/atlensys-careers-our-business-picto3.svg\" alt=\"\">\n                        <img decoding=\"async\" class=\"img-hover\" src=\"https:\/\/atlensys.com\/wp-content\/uploads\/2025\/05\/atlensys-careers-our-business-picto3-blue.svg\" alt=\"\">\n                    <\/div>\n                \n                                    <div class=\"title\">\n                        Innovation &#038; D\u00e9veloppement                    <\/div>\n                \n                            <\/li>\n                    \n            \n                            <li class=\"w32\">\n            \n                \n                                    <div class=\"picto\">\n                        <img decoding=\"async\" class=\"img-default\" src=\"https:\/\/atlensys.com\/wp-content\/uploads\/2025\/05\/atlensys-careers-our-business-picto4.svg\" alt=\"\">\n                        <img decoding=\"async\" class=\"img-hover\" src=\"https:\/\/atlensys.com\/wp-content\/uploads\/2025\/05\/atlensys-careers-our-business-picto4-blue.svg\" alt=\"\">\n                    <\/div>\n                \n                                    <div class=\"title\">\n                        Ressources humaines                    <\/div>\n                \n                            <\/li>\n                    \n            \n                            <li class=\"w32\">\n            \n                \n                                    <div class=\"picto\">\n                        <img decoding=\"async\" class=\"img-default\" src=\"https:\/\/atlensys.com\/wp-content\/uploads\/2025\/05\/atlensys-careers-our-business-picto5.svg\" alt=\"\">\n                        <img decoding=\"async\" class=\"img-hover\" src=\"https:\/\/atlensys.com\/wp-content\/uploads\/2025\/05\/atlensys-careers-our-business-picto5-blue.svg\" alt=\"\">\n                    <\/div>\n                \n                                    <div class=\"title\">\n                        IT                    <\/div>\n                \n                            <\/li>\n                    \n            \n                            <li class=\"w32\">\n            \n                \n                                    <div class=\"picto\">\n                        <img decoding=\"async\" class=\"img-default\" src=\"https:\/\/atlensys.com\/wp-content\/uploads\/2025\/05\/atlensys-careers-our-business-picto6.svg\" alt=\"\">\n                        <img decoding=\"async\" class=\"img-hover\" src=\"https:\/\/atlensys.com\/wp-content\/uploads\/2025\/05\/atlensys-careers-our-business-picto6-blue.svg\" alt=\"\">\n                    <\/div>\n                \n                                    <div class=\"title\">\n                        Finance                    <\/div>\n                \n                            <\/li>\n            <\/ul>\n<\/div>\n\n    <\/div>\n<\/section>\n\n\n<section id=\"our-offers\" class=\"darkblue\">\n    <div class=\"container\">\n        \n\n<div class=\"image-background\">\n                    <div class=\"image-full\" style=\"background-image: url('https:\/\/atlensys.com\/wp-content\/uploads\/2025\/05\/atlensys-careers-our-offers-background-scaled.png');background-size:cover;background-repeat:no-repeat;width:100%;height:100vh;\">\n            \n\n    <h2 class=\"title white\">Nos offres<\/h2>\n\n\n\n<div class=\"button-wrap\">\n            <a href=\"\/fr\/candidature-spontanee\" target=\"_self\" class=\"btn-primary\">\n            Candidature spontan\u00e9e        <\/a>\n    <\/div>\n\n\n<div class=\"text\">\n            <p style=\"text-align: center;\">Pr\u00eat-e \u00e0 rejoindre ATLENSYS ? Envoyez-nous votre candidature spontan\u00e9e<br \/>\net donnez le coup d\u2019envoi de votre nouvelle aventure !<\/p>\n    <\/div>\n\n        <\/div>\n        <\/div>\n\n    <\/div>\n<\/section>","protected":false},"excerpt":{"rendered":"","protected":false},"author":1,"featured_media":0,"parent":0,"menu_order":0,"comment_status":"closed","ping_status":"closed","template":"page-careers","meta":{"_acf_changed":false,"footnotes":""},"class_list":["post-346","page","type-page","status-publish","hentry"],"acf":[],"aioseo_notices":[],"_links":{"self":[{"href":"https:\/\/atlensys.com\/fr\/wp-json\/wp\/v2\/pages\/346","targetHints":{"allow":["GET"]}}],"collection":[{"href":"https:\/\/atlensys.com\/fr\/wp-json\/wp\/v2\/pages"}],"about":[{"href":"https:\/\/atlensys.com\/fr\/wp-json\/wp\/v2\/types\/page"}],"author":[{"embeddable":true,"href":"https:\/\/atlensys.com\/fr\/wp-json\/wp\/v2\/users\/1"}],"replies":[{"embeddable":true,"href":"https:\/\/atlensys.com\/fr\/wp-json\/wp\/v2\/comments?post=346"}],"version-history":[{"count":52,"href":"https:\/\/atlensys.com\/fr\/wp-json\/wp\/v2\/pages\/346\/revisions"}],"predecessor-version":[{"id":3195,"href":"https:\/\/atlensys.com\/fr\/wp-json\/wp\/v2\/pages\/346\/revisions\/3195"}],"wp:attachment":[{"href":"https:\/\/atlensys.com\/fr\/wp-json\/wp\/v2\/media?parent=346"}],"curies":[{"name":"wp","href":"https:\/\/api.w.org\/{rel}","templated":true}]}}