{"id":2949,"date":"2025-05-27T03:07:21","date_gmt":"2025-05-27T01:07:21","guid":{"rendered":"https:\/\/atlensys.com\/?page_id=2949"},"modified":"2025-06-05T11:47:31","modified_gmt":"2025-06-05T09:47:31","slug":"mentions-legales","status":"publish","type":"page","link":"https:\/\/atlensys.com\/fr\/mentions-legales\/","title":{"rendered":"Mentions l\u00e9gales"},"content":{"rendered":"\n<section id=\"legal-notices\" class=\"primaryblue\">\n    <div class=\"container\">\n        \n\n    <h1 class=\"title white\">Mentions l\u00e9gales<\/h1>\n\n\n\n    <h2 class=\"title white\">1. \u00c9diteur du site<\/h2>\n\n\n\n<div class=\"text\">\n            <p>Le site\u00a0ATLENSYS\u00a0est \u00e9dit\u00e9 par la soci\u00e9t\u00e9\u00a0Optoprim Group, Soci\u00e9t\u00e9 par Actions Simplifi\u00e9e<br \/>\n(SAS) au capital de\u00a020 008 943 euros, immatricul\u00e9e au\u00a0Registre du Commerce et des<br \/>\nSoci\u00e9t\u00e9s d&rsquo;\u00c9vry sous le num\u00e9ro 921 371 860, dont le si\u00e8ge social est situ\u00e9 au 40 rue Victor<br \/>\nBasch, 91300 Massy, France.<br \/>\nEmail\u00a0:\u00a0<a href=\"mailto:info@optoprim.com\">info@optoprim.com<\/a><br \/>\nDirecteur de la publication\u00a0: Guillaume ADAM, en qualit\u00e9 de Pr\u00e9sident<\/p>\n    <\/div>\n\n\n    <h2 class=\"title white\">2. H\u00e9bergement du site<\/h2>\n\n\n\n<div class=\"text\">\n            <p>Le site est h\u00e9berg\u00e9 par la soci\u00e9t\u00e9\u00a0OVH SAS, dont le si\u00e8ge social est situ\u00e9\u00a02 rue Kellermann,<br \/>\n59100 Roubaix, France.<br \/>\nT\u00e9l\u00e9phone\u00a0: 09 72 10 10 07<\/p>\n    <\/div>\n\n\n    <h2 class=\"title white\">3. Propri\u00e9t\u00e9 intellectuelle<\/h2>\n\n\n\n<div class=\"text\">\n            <p>L\u2019ensemble du contenu pr\u00e9sent sur le site ATLENSYS (textes, images, graphismes, logo,<br \/>\nic\u00f4nes, vid\u00e9os, etc.) est prot\u00e9g\u00e9 par le droit d\u2019auteur et demeure la propri\u00e9t\u00e9 exclusive<br \/>\nde\u00a0Optoprim Group, sauf mention contraire.<br \/>\nToute reproduction, repr\u00e9sentation, modification, publication, transmission ou d\u00e9naturation,<br \/>\ntotale ou partielle, du site ou de son contenu, par quelque proc\u00e9d\u00e9 que ce soit, sans<br \/>\nautorisation expresse de Optoprim Group, est interdite.<\/p>\n    <\/div>\n\n\n    <h2 class=\"title white\">4, Donn\u00e9es personnelles (RGPD)<\/h2>\n\n\n\n<div class=\"text\">\n            <p>Conform\u00e9ment au R\u00e8glement G\u00e9n\u00e9ral sur la Protection des Donn\u00e9es (RGPD \u2013 R\u00e8glement UE<br \/>\n2016\/679),\u00a0Optoprim Group\u00a0traite les donn\u00e9es personnelles collect\u00e9es sur le site<br \/>\nATLENSYS dans le respect de la l\u00e9gislation applicable.<br \/>\nResponsable de traitement\u00a0: Optoprim Group<\/p>\n    <\/div>\n\n\n    <h2 class=\"title white\">5. Cookies<\/h2>\n\n\n\n<div class=\"text\">\n            <p>Le site ATLENSYS utilise des cookies pour am\u00e9liorer l\u2019exp\u00e9rience utilisateur et mesurer<br \/>\nl\u2019audience.<br \/>\nLors de votre premi\u00e8re visite, vous serez invit\u00e9 \u00e0 accepter ou refuser l\u2019usage des cookies via<br \/>\nun bandeau de consentement conforme \u00e0 la directive ePrivacy.<br \/>\nVous pouvez \u00e0 tout moment modifier vos pr\u00e9f\u00e9rences via\u00a0[ajouter un lien vers la gestion des<br \/>\ncookies si disponible].<\/p>\n    <\/div>\n\n\n    <h2 class=\"title white\">6. Responsabilit\u00e9s<\/h2>\n\n\n\n<div class=\"text\">\n            <p>Les informations diffus\u00e9es sur le site ATLENSYS sont fournies \u00e0 titre indicatif. Malgr\u00e9 tout le<br \/>\nsoin apport\u00e9 \u00e0 leur exactitude, Optoprim Group ne saurait \u00eatre tenu pour responsable des<br \/>\nerreurs, omissions ou de l\u2019indisponibilit\u00e9 temporaire du service.<\/p>\n    <\/div>\n\n\n    <h2 class=\"title white\">7. Liens hypertextes<\/h2>\n\n\n\n<div class=\"text\">\n            <p>Le site ATLENSYS peut proposer des liens vers d&rsquo;autres sites. Optoprim Group d\u00e9cline toute<br \/>\nresponsabilit\u00e9 quant aux contenus accessibles via ces liens externes.<\/p>\n    <\/div>\n\n\n    <h2 class=\"title white\">8. Obligations de l\u2019internaute<\/h2>\n\n\n\n<div class=\"text\">\n            <p>L\u2019Utilisateur du site s\u2019engage \u00e0 :<\/p>\n<ul>\n<li>Ne pas compromettre le bon fonctionnement du site ;<\/li>\n<li>Ne pas usurper l\u2019identit\u00e9 d\u2019autrui ;<\/li>\n<li>Ne pas introduire de contenus illicites, diffamatoires, injurieux ou malveillants ;<\/li>\n<li>Ne pas porter atteinte aux droits de propri\u00e9t\u00e9 intellectuelle de tiers.<\/li>\n<\/ul>\n<p>Optoprim Group ne saurait \u00eatre tenue responsable de l\u2019usage du site par un mineur de moins<br \/>\nde 15 ans sans autorisation parentale.<\/p>\n    <\/div>\n\n\n    <h2 class=\"title white\">9. Acc\u00e8s au site<\/h2>\n\n\n\n<div class=\"text\">\n            <p>Le site ATLENSYS est accessible gratuitement depuis le r\u00e9seau Internet. L\u2019acc\u00e8s et l\u2019usage du<br \/>\nsite rel\u00e8vent de la responsabilit\u00e9 de l\u2019utilisateur, qui doit s\u2019assurer de disposer des moyens<br \/>\ntechniques pour y acc\u00e9der et le consulter (antivirus \u00e0 jour, connexion stable, etc.).<br \/>\nOptoprim Group ne garantit pas un acc\u00e8s ininterrompu ou sans erreur, notamment en cas de<br \/>\nmaintenance ou de dysfonctionnement des r\u00e9seaux.<\/p>\n    <\/div>\n\n\n    <h2 class=\"title white\">10. Droit applicable et juridiction comp\u00e9tente<\/h2>\n\n\n\n<div class=\"text\">\n            <p>Les pr\u00e9sentes mentions l\u00e9gales sont r\u00e9gies par le droit fran\u00e7ais.<br \/>\nTout litige relatif \u00e0 leur interpr\u00e9tation ou \u00e0 l\u2019utilisation du site sera soumis \u00e0 la comp\u00e9tence<br \/>\nexclusive des tribunaux de\u00a0Paris.<\/p>\n    <\/div>\n\n\n<div class=\"text\">\n    <\/div>\n\n    <\/div>\n<\/section>","protected":false},"excerpt":{"rendered":"","protected":false},"author":1,"featured_media":0,"parent":0,"menu_order":0,"comment_status":"closed","ping_status":"closed","template":"page-contact-form","meta":{"_acf_changed":false,"footnotes":""},"class_list":["post-2949","page","type-page","status-publish","hentry"],"acf":[],"aioseo_notices":[],"_links":{"self":[{"href":"https:\/\/atlensys.com\/fr\/wp-json\/wp\/v2\/pages\/2949","targetHints":{"allow":["GET"]}}],"collection":[{"href":"https:\/\/atlensys.com\/fr\/wp-json\/wp\/v2\/pages"}],"about":[{"href":"https:\/\/atlensys.com\/fr\/wp-json\/wp\/v2\/types\/page"}],"author":[{"embeddable":true,"href":"https:\/\/atlensys.com\/fr\/wp-json\/wp\/v2\/users\/1"}],"replies":[{"embeddable":true,"href":"https:\/\/atlensys.com\/fr\/wp-json\/wp\/v2\/comments?post=2949"}],"version-history":[{"count":7,"href":"https:\/\/atlensys.com\/fr\/wp-json\/wp\/v2\/pages\/2949\/revisions"}],"predecessor-version":[{"id":2993,"href":"https:\/\/atlensys.com\/fr\/wp-json\/wp\/v2\/pages\/2949\/revisions\/2993"}],"wp:attachment":[{"href":"https:\/\/atlensys.com\/fr\/wp-json\/wp\/v2\/media?parent=2949"}],"curies":[{"name":"wp","href":"https:\/\/api.w.org\/{rel}","templated":true}]}}