{"id":2743,"date":"2025-05-25T14:01:28","date_gmt":"2025-05-25T12:01:28","guid":{"rendered":"https:\/\/atlensys.com\/?page_id=2743"},"modified":"2025-06-05T16:29:27","modified_gmt":"2025-06-05T14:29:27","slug":"expertise","status":"publish","type":"page","link":"https:\/\/atlensys.com\/fr\/expertise\/","title":{"rendered":"Expertise"},"content":{"rendered":"\n<section id=\"at-atlensys2\" class=\"primaryblue\">\n    <div class=\"container\">\n        \n\n    <h2 class=\"title white\">Chez ATLENSYS<\/h2>\n\n\n\n<div class=\"text\">\n            <p style=\"text-align: center;\">Nous excellons sur l\u2019ensemble de la cha\u00eene de valeur photonique,<br \/>\ndu composant \u00e0 la machine, de l\u2019industrie \u00e0 la recherche scientifique, \u00e0 travers nos diff\u00e9rentes filiales.<\/p>\n    <\/div>\n\n<div class=\"block-cards-superposed-images\">\n    <ul class=\"cards\">\n                    <li>\n                <div class=\"back-image\" style=\"background-image: url('https:\/\/atlensys.com\/wp-content\/uploads\/2025\/05\/atlensys-our-expertise-at-atlensys1-v2.jpg');background-size:cover;background-repeat:no-repeat;\"><\/div>\n                <div class=\"front-image\">\n                    <img decoding=\"async\" src=\"https:\/\/atlensys.com\/wp-content\/uploads\/2025\/05\/atlensys-homepage-an-innovative-vision-logo.png\" alt=\"ATLENSYS white group logo\">\n                <\/div>\n                            <\/li>\n                    <li>\n                <div class=\"back-image\" style=\"background-image: url('https:\/\/atlensys.com\/wp-content\/uploads\/2025\/05\/atlensys-our-expertise-at-atlensys2-v2.jpg');background-size:cover;background-repeat:no-repeat;\"><\/div>\n                <div class=\"front-image\">\n                    <img decoding=\"async\" src=\"https:\/\/atlensys.com\/wp-content\/uploads\/2025\/05\/atlensys-homepage-an-innovative-vision-logo.png\" alt=\"ATLENSYS white group logo\">\n                <\/div>\n                            <\/li>\n                    <li>\n                <div class=\"back-image\" style=\"background-image: url('https:\/\/atlensys.com\/wp-content\/uploads\/2025\/05\/atlensys-our-expertise-at-atlensys3-scaled.jpg');background-size:cover;background-repeat:no-repeat;\"><\/div>\n                <div class=\"front-image\">\n                    <img decoding=\"async\" src=\"https:\/\/atlensys.com\/wp-content\/uploads\/2025\/05\/atlensys-homepage-an-innovative-vision-logo.png\" alt=\"ATLENSYS white group logo\">\n                <\/div>\n                            <\/li>\n            <\/ul>\n<\/div>\n\n    <\/div>\n<\/section>\n\n\n<section id=\"specialist-in-the-distribution-of-photonic-solutions\" class=\"verydarkblue\">\n    <div class=\"container\">\n        \n\n<div class=\"image-block\">\n            <img decoding=\"async\" src=\"https:\/\/atlensys.com\/wp-content\/uploads\/2025\/04\/optoprim-logo.svg\"\n             alt=\"\"\n                                       loading=\"lazy\">\n    <\/div>\n\n\n\n    <h2 class=\"title white\">Filiale experte en distribution de solutions photoniques<br>\r\npour l\u2019industrie et la recherche<\/h2>\n\n\n<div class=\"block-cards-background-2\">\n    <ul class=\"cards\">\n                    <li style=\"background-image: url('https:\/\/atlensys.com\/wp-content\/uploads\/2025\/05\/atlensys-our-expertise-specialist-in-the-distribution-of-photonic-solutions-background1-scaled.jpg');background-size:cover;background-repeat:no-repeat;\">\n                <div class=\"mask\"><\/div>\n                <div class=\"card\">\n                                            <img decoding=\"async\" class=\"image-front\" src=\"https:\/\/atlensys.com\/wp-content\/uploads\/2025\/05\/atlensys-our-expertise-specialist-in-the-distribution-of-photonic-solutions1.png\" alt=\"\">\n                    \n                                            <img decoding=\"async\" class=\"image-hover\" src=\"https:\/\/atlensys.com\/wp-content\/uploads\/2025\/04\/optoprim-logo.svg\" alt=\"\">\n                    \n                    \n                                            <div class=\"text\"><p style=\"text-align: center;\"><strong>Optoprim FRANCE<\/strong><br \/>\n<strong>Expertise photonique pour la recherche et l\u2019industrie<\/strong><\/p>\n<p style=\"text-align: center;\">Nous accompagnons les laboratoires, int\u00e9grateurs et clients industriels dans le d\u00e9ploiement de solutions photoniques avanc\u00e9es.<\/p>\n<\/div>                    \n                                            <div class=\"button-wrap\">\n                            <a href=\"https:\/\/www.optoprim.com\" target=\"_blank\" class=\"btn-primary\">\n                                <span>En savoir plus<\/span>\n                            <\/a>\n                        <\/div>\n                                        \n                <\/div>\n            <\/li>\n                    <li style=\"background-image: url('https:\/\/atlensys.com\/wp-content\/uploads\/2025\/05\/atlensys-our-expertise-specialist-in-the-distribution-of-photonic-solutions-background2-scaled.jpg');background-size:cover;background-repeat:no-repeat;\">\n                <div class=\"mask\"><\/div>\n                <div class=\"card\">\n                                            <img decoding=\"async\" class=\"image-front\" src=\"https:\/\/atlensys.com\/wp-content\/uploads\/2025\/05\/atlensys-our-expertise-specialist-in-the-distribution-of-photonic-solutions2.png\" alt=\"\">\n                    \n                                            <img decoding=\"async\" class=\"image-hover\" src=\"https:\/\/atlensys.com\/wp-content\/uploads\/2025\/04\/optoprim-logo.svg\" alt=\"\">\n                    \n                    \n                                            <div class=\"text\"><p style=\"text-align: center;\"><strong>Optoprim ITALIE<\/strong><br \/>\n<strong>Solutions laser et optiques pour l\u2019int\u00e9gration industrielle<\/strong><\/p>\n<p style=\"text-align: center;\">Nous travaillons avec les OEM et les fabricants sur des projets d\u2019automatisation, de fabrication de pr\u00e9cision et d\u2019inspection optique.<\/p>\n<\/div>                    \n                                            <div class=\"button-wrap\">\n                            <a href=\"https:\/\/www.optoprim.it\" target=\"_blank\" class=\"btn-primary\">\n                                <span>En savoir plus<\/span>\n                            <\/a>\n                        <\/div>\n                                        \n                <\/div>\n            <\/li>\n                    <li style=\"background-image: url('https:\/\/atlensys.com\/wp-content\/uploads\/2025\/05\/atlensys-our-expertise-specialist-in-the-distribution-of-photonic-solutions-background3-scaled.jpg');background-size:cover;background-repeat:no-repeat;\">\n                <div class=\"mask\"><\/div>\n                <div class=\"card\">\n                                            <img decoding=\"async\" class=\"image-front\" src=\"https:\/\/atlensys.com\/wp-content\/uploads\/2025\/05\/atlensys-our-expertise-specialist-in-the-distribution-of-photonic-solutions3.png\" alt=\"\">\n                    \n                                            <img decoding=\"async\" class=\"image-hover\" src=\"https:\/\/atlensys.com\/wp-content\/uploads\/2025\/04\/optoprim-logo.svg\" alt=\"\">\n                    \n                    \n                                            <div class=\"text\"><p style=\"text-align: center;\"><strong>Optoprim allemagne<\/strong><br \/>\n<strong>Composants laser et optiques pour les march\u00e9s germanophones<\/strong><\/p>\n<p style=\"text-align: center;\">Nous fournissons des solutions adapt\u00e9es aux besoins des acteurs industriels et de la recherche en Allemagne, en Autriche et en Suisse.<\/p>\n<\/div>                    \n                                            <div class=\"button-wrap\">\n                            <a href=\"https:\/\/www.optoprim.de\/en\" target=\"_blank\" class=\"btn-primary\">\n                                <span>En savoir plus<\/span>\n                            <\/a>\n                        <\/div>\n                                        \n                <\/div>\n            <\/li>\n            <\/ul>\n<\/div>\n\n    <\/div>\n<\/section>\n\n\n<section id=\"specialist-in-the-design-of-special-laser-machines\" class=\"darkblue\">\n    <div class=\"container\">\n        \n\n<div class=\"image-block\">\n            <img decoding=\"async\" src=\"https:\/\/atlensys.com\/wp-content\/uploads\/2025\/04\/industrial-laser-systems-logo.svg\"\n             alt=\"Logo ILS (Industrial Laser Systems)\"\n                                       loading=\"lazy\">\n    <\/div>\n\n\n\n    <h2 class=\"title white\">Filiale experte en conception de machines laser\u2028sp\u00e9ciales<br>\r\npour l\u2019industrie<\/h2>\n\n\n\n<div class=\"block-image-text rtl\">\n    <div class=\"left w50\">\n                    <img decoding=\"async\" src=\"https:\/\/atlensys.com\/wp-content\/uploads\/2025\/05\/atlensys-homepage-an-innovative-vision-back3-v2-scaled.jpg\" alt=\"\">\n           \n    <\/div>\n    <div class=\"right w50\">\n                        <div class=\"text\">\n                            <h3>Nous concevons des \u00e9quipements laser sur mesure<\/h3>\n<div class=\"text\">\n<p>Pour la d\u00e9coupe, la soudure, le per\u00e7age, la fabrication additive ou la texturation.<\/p>\n<p>Chaque projet est \u00e9tudi\u00e9 en amont pour d\u00e9finir le proc\u00e9d\u00e9 le plus adapt\u00e9 et concevoir une solution int\u00e9gr\u00e9e.<\/p>\n<p>Gr\u00e2ce \u00e0 notre bureau d\u2019\u00e9tudes et notre site de production en France,<br \/>\nnous livrons des machines pr\u00eates \u00e0 l\u2019emploi, con\u00e7ues pour s\u2019int\u00e9grer<br \/>\naux lignes de production automatis\u00e9es.<\/p>\n<\/div>\n                    <\/div>\n                    <div class=\"button-wrap\">\n                <a href=\"https:\/\/www.industrial-laser-systems.com\/index.php\" target=\"_blank\" class=\"btn-primary\">\n                    <span>En savoir plus<\/span>\n                <\/a>\n            <\/div>\n            <\/div> \n<\/div>\n\n\n    <\/div>\n<\/section>\n\n\n<section id=\"specialist-in-optical-laser-systems\" class=\"verydarkblue\">\n    <div class=\"container\">\n        \n\n<div class=\"image-block\">\n            <img decoding=\"async\" src=\"https:\/\/atlensys.com\/wp-content\/uploads\/2025\/05\/gataca-systems-logo-v2.svg\"\n             alt=\"\"\n                                       loading=\"lazy\">\n    <\/div>\n\n\n\n    <h2 class=\"title white\">Filiale experte en syst\u00e8mes optiques laser<br>\r\npour la recherche et l\u2019industrie<\/h2>\n\n\n\n<div class=\"block-image-text rtl\">\n    <div class=\"left w50\">\n                    <img decoding=\"async\" src=\"https:\/\/atlensys.com\/wp-content\/uploads\/2025\/05\/atlensys-homepage-an-innovative-vision-back1-v2-scaled.jpg\" alt=\"\">\n           \n    <\/div>\n    <div class=\"right w50\">\n                        <div class=\"text\">\n                            <h3>Nous d\u00e9veloppons des modules optiques de pr\u00e9cision<\/h3>\n<div class=\"text\">\n<p>Pour la microscopie, la bioimagerie et le diagnostic.<br \/>\nPens\u00e9s pour les environnements scientifiques, nos syst\u00e8mes assurent<br \/>\nune gestion fine de la lumi\u00e8re et s\u2019int\u00e8grent aux protocoles les plus avanc\u00e9s.<br \/>\nChaque solution est con\u00e7ue en lien \u00e9troit avec les chercheurs<br \/>\npour r\u00e9pondre aux besoins sp\u00e9cifiques des sciences de la vie.<\/p>\n<\/div>\n                    <\/div>\n                    <div class=\"button-wrap\">\n                <a href=\"https:\/\/www.gataca-systems.com\" target=\"_blank\" class=\"btn-primary\">\n                    <span>En savoir plus<\/span>\n                <\/a>\n            <\/div>\n            <\/div> \n<\/div>\n\n\n    <\/div>\n<\/section>\n\n\n<section id=\"laser-world-of-photonics-2025\" class=\"darkblue\">\n    <div class=\"container\">\n        \n\n<div class=\"image-background\">\n                    <div class=\"image-full\" style=\"background-image: url('https:\/\/atlensys.com\/wp-content\/uploads\/2025\/05\/altlensys-our-expertise-laser-world-of-photonics.png');background-size:cover;background-repeat:no-repeat;width:100%;height:100vh;\">\n            \n\n    <h2 class=\"title white\">Retrouvez-nous au Salon Laser World of Photonics 2025 !<\/h2>\n\n\n\n<div class=\"text\">\n            <p style=\"text-align: center;\">Munich | 24 \u2013 27 juin 2025 |<br \/>\nStand Atlensys : Hall B3 \u2013 Stand 421<\/p>\n    <\/div>\n\n\n<div class=\"block-image-text rtl\">\n    <div class=\"left w50\">\n                    <img decoding=\"async\" src=\"https:\/\/atlensys.com\/wp-content\/uploads\/2025\/05\/atlensys-our-expertise-laser-world-of-photonics-2025.jpg\" alt=\"\">\n           \n    <\/div>\n    <div class=\"right w50\">\n                            <img decoding=\"async\" class=\"image-title\" src=\"https:\/\/atlensys.com\/wp-content\/uploads\/2025\/05\/atlensys-laser-world-of-photonics-logo.png\" alt=\"LASER WORLD OF PHOTONICS 2025\">\n                <div class=\"text\">\n                            <p>Optoprim, Industrial Laser Systems et Gataca Systems seront pr\u00e9sentes<br \/>\nau plus grand rendez-vous europ\u00e9en de la photonique !<\/p>\n<p>Nos \u00e9quipes vous accueillent avec plaisir pour vous faire d\u00e9couvrir nos solutions, partager nos expertises et \u00e9changer autour de vos projets.<\/p>\n<p>Distribution, int\u00e9gration de syst\u00e8mes, d\u00e9veloppement sur mesure :<br \/>\nd\u00e9couvrez tout le potentiel de la photonique appliqu\u00e9e \u00e0 votre activit\u00e9.<\/p>\n                    <\/div>\n                    <div class=\"button-wrap\">\n                <a href=\"\/fr\/contact\" target=\"_self\" class=\"btn-primary\">\n                    <span>Contactez-nous<\/span>\n                <\/a>\n            <\/div>\n            <\/div> \n<\/div>\n\n\n        <\/div>\n        <\/div>\n\n    <\/div>\n<\/section>","protected":false},"excerpt":{"rendered":"","protected":false},"author":1,"featured_media":0,"parent":0,"menu_order":0,"comment_status":"closed","ping_status":"closed","template":"page-expertise-new","meta":{"_acf_changed":false,"footnotes":""},"class_list":["post-2743","page","type-page","status-publish","hentry"],"acf":[],"aioseo_notices":[],"_links":{"self":[{"href":"https:\/\/atlensys.com\/fr\/wp-json\/wp\/v2\/pages\/2743","targetHints":{"allow":["GET"]}}],"collection":[{"href":"https:\/\/atlensys.com\/fr\/wp-json\/wp\/v2\/pages"}],"about":[{"href":"https:\/\/atlensys.com\/fr\/wp-json\/wp\/v2\/types\/page"}],"author":[{"embeddable":true,"href":"https:\/\/atlensys.com\/fr\/wp-json\/wp\/v2\/users\/1"}],"replies":[{"embeddable":true,"href":"https:\/\/atlensys.com\/fr\/wp-json\/wp\/v2\/comments?post=2743"}],"version-history":[{"count":23,"href":"https:\/\/atlensys.com\/fr\/wp-json\/wp\/v2\/pages\/2743\/revisions"}],"predecessor-version":[{"id":3441,"href":"https:\/\/atlensys.com\/fr\/wp-json\/wp\/v2\/pages\/2743\/revisions\/3441"}],"wp:attachment":[{"href":"https:\/\/atlensys.com\/fr\/wp-json\/wp\/v2\/media?parent=2743"}],"curies":[{"name":"wp","href":"https:\/\/api.w.org\/{rel}","templated":true}]}}