{"id":2693,"date":"2025-05-25T02:41:32","date_gmt":"2025-05-25T00:41:32","guid":{"rendered":"https:\/\/atlensys.com\/?page_id=2693"},"modified":"2025-06-05T16:43:04","modified_gmt":"2025-06-05T14:43:04","slug":"engagement","status":"publish","type":"page","link":"https:\/\/atlensys.com\/fr\/engagement\/","title":{"rendered":"Engagement"},"content":{"rendered":"\n<section id=\"at-atlensys\" class=\"primaryblue\">\n    <div class=\"container\">\n        \n\n<div class=\"block-image-text rtl\">\n    <div class=\"left w50\">\n                    <img decoding=\"async\" src=\"https:\/\/atlensys.com\/wp-content\/uploads\/2025\/05\/atlensys-our-commitment-at-atlensys-v2.jpg\" alt=\"\">\n           \n    <\/div>\n    <div class=\"right w50\">\n                        <div class=\"text\">\n                            <h3>Chez Atlensys<\/h3>\n<div class=\"text\">\n<p>Nous mettons notre expertise industrielle au service de nos clients en d\u00e9veloppant des solutions photoniques performantes et adapt\u00e9es aux exigences les plus \u00e9lev\u00e9es. Nos engagements reposent sur trois piliers :<\/p>\n<p><strong>innovation technologique, optimisation des processus et accompagnement technique sur mesure<\/strong>.<\/p>\n<\/div>\n                    <\/div>\n            <\/div> \n<\/div>\n\n\n    <\/div>\n<\/section>\n\n\n<section id=\"innovation-for-advanced-solutions\" class=\"verydarkblue\">\n    <div class=\"container\">\n        \n\n    <h2 class=\"title white\">Une innovation continue pour des solutions de pointe<\/h2>\n\n\n\n<div class=\"text\">\n            <p style=\"text-align: center;\">Nous investissons en R&amp;D pour repousser les limites des technologies laser<br \/>\net opto-\u00e9lectroniques et r\u00e9pondre aux besoins croissants des industriels,<br \/>\nchercheurs et professionnels de la sant\u00e9.<\/p>\n    <\/div>\n\n\n<div class=\"block-image-list rtl\">\n    <div class=\"left w50\">\n                    <img decoding=\"async\" src=\"https:\/\/atlensys.com\/wp-content\/uploads\/2025\/05\/atlensys-our-commitment-innovation-for-advanced-solutions-v2.jpg\" alt=\"\">\n           \n    <\/div>\n    <div class=\"right w50\">\n                <ul class=\"list\">\n                    <li>D\u00e9veloppement de lasers plus performants en<br>\r\ntermes de pr\u00e9cision, vitesse et stabilit\u00e9<\/li>\n                    <li>Int\u00e9gration de syst\u00e8mes intelligents pour am\u00e9liorer<br>\r\nla gestion et l\u2019automatisation des processus industriels<\/li>\n                    <li>Collaboration avec des laboratoires et des centres\u2028de recherche<br>\r\npour concevoir les solutions de demain<\/li>\n                    <li>Cr\u00e9ation en 2023 de l\u2019European Laser Application Lab,<br>\r\nd\u00e9di\u00e9 \u00e0 l\u2019exploration des nouvelles applications laser dans l\u2019industrie<\/li>\n                <\/ul>\n    <\/div> \n<\/div>\n\n\n<div class=\"text\">\n            <p style=\"text-align: center;\">Nous concevons des solutions sur mesure, en adaptant nos technologies<br \/>\naux sp\u00e9cificit\u00e9s de chaque industrie.<\/p>\n    <\/div>\n\n    <\/div>\n<\/section>\n\n\n<section id=\"optimised-industrial-processes\" class=\"darkblue\">\n    <div class=\"container\">\n        \n\n    <h2 class=\"title white\">Des processus industriels optimis\u00e9s<br>\r\npour plus d\u2019efficacit\u00e9 et de fiabilit\u00e9<\/h2>\n\n\n\n<div class=\"text\">\n            <p style=\"text-align: center;\">Nos m\u00e9thodes de production et d\u2019int\u00e9gration sont con\u00e7ues pour garantir<br \/>\ndes \u00e9quipements fiables, reproductibles et facilement int\u00e9grables<br \/>\ndans les environnements industriels les plus exigeants.<\/p>\n    <\/div>\n\n\n<div class=\"block-image-list rtl\">\n    <div class=\"left w50\">\n                    <img decoding=\"async\" src=\"https:\/\/atlensys.com\/wp-content\/uploads\/2025\/05\/atlensys-our-commitment-optimised-industrial-processes-v2.jpg\" alt=\"\">\n           \n    <\/div>\n    <div class=\"right w50\">\n                <ul class=\"list\">\n                    <li>Conformit\u00e9 aux normes industrielles et certifications<br>\r\npour assurer des produits robustes et s\u00e9curis\u00e9s.<\/li>\n                    <li>Automatisation et contr\u00f4le qualit\u00e9 renforc\u00e9<br>\r\npour assurer une fiabilit\u00e9 maximale.<\/li>\n                    <li>Production en circuit court et optimisation<br>\r\ndes cha\u00eenes logistiques pour garantir une\u2028r\u00e9activit\u00e9 accrue.<\/li>\n                    <li>Tests et validation rigoureux pour garantir<br>\u2028\r\ndes performances constantes sur le long terme.<\/li>\n                <\/ul>\n    <\/div> \n<\/div>\n\n\n<div class=\"text\">\n            <p style=\"text-align: center;\">Nous nous engageons \u00e0 fournir \u00e0 nos clients des \u00e9quipements de haute pr\u00e9cision<br \/>\net des solutions \u00e9prouv\u00e9es, adapt\u00e9es \u00e0 leurs exigences industrielles.<\/p>\n    <\/div>\n\n    <\/div>\n<\/section>\n\n\n<section id=\"tailored-technical-support\" class=\"verydarkblue\">\n    <div class=\"container\">\n        \n\n    <h2 class=\"title white\">Un accompagnement technique sur mesure<\/h2>\n\n\n\n<div class=\"text\">\n            <p style=\"text-align: center;\">Notre engagement ne s\u2019arr\u00eate pas \u00e0 la livraison des \u00e9quipements.<br \/>\nNous proposons un accompagnement complet pour garantir une int\u00e9gration fluide<br \/>\net une utilisation optimis\u00e9e de nos solutions.<\/p>\n    <\/div>\n\n\n<div class=\"block-image-list rtl\">\n    <div class=\"left w50\">\n                    <img decoding=\"async\" src=\"https:\/\/atlensys.com\/wp-content\/uploads\/2025\/05\/atlensys-our-commitment-tailored-technical-support-v2.jpg\" alt=\"\">\n           \n    <\/div>\n    <div class=\"right w50\">\n                <ul class=\"list\">\n                    <li>\u00c9tudes techniques et faisabilit\u00e9 en amont des projets<br>\r\npour adapter nos solutions aux besoins sp\u00e9cifiques des clients.<\/li>\n                    <li>Support technique et formation pour\u2028assurer<br>\r\nune prise en main rapide et efficace.<\/li>\n                    <li>Services de maintenance et d\u2019optimisation\u2028des \u00e9quipements<br>\r\npour maximiser leur dur\u00e9e\u2028de vie et leurs performances.<\/li>\n                    <li>Veille technologique et conseils pour accompagner<br>\r\nles \u00e9volutions et innovations du secteur.<\/li>\n                <\/ul>\n    <\/div> \n<\/div>\n\n\n<div class=\"text\">\n            <p style=\"text-align: center;\">Nous travaillons aux c\u00f4t\u00e9s de nos clients pour garantir des solutions performantes,<br \/>\n\u00e9volutives et adapt\u00e9es aux d\u00e9fis industriels d\u2019aujourd\u2019hui et de demain.<\/p>\n    <\/div>\n\n    <\/div>\n<\/section>","protected":false},"excerpt":{"rendered":"","protected":false},"author":1,"featured_media":0,"parent":0,"menu_order":0,"comment_status":"closed","ping_status":"closed","template":"page-commitment-new","meta":{"_acf_changed":false,"footnotes":""},"class_list":["post-2693","page","type-page","status-publish","hentry"],"acf":[],"aioseo_notices":[],"_links":{"self":[{"href":"https:\/\/atlensys.com\/fr\/wp-json\/wp\/v2\/pages\/2693","targetHints":{"allow":["GET"]}}],"collection":[{"href":"https:\/\/atlensys.com\/fr\/wp-json\/wp\/v2\/pages"}],"about":[{"href":"https:\/\/atlensys.com\/fr\/wp-json\/wp\/v2\/types\/page"}],"author":[{"embeddable":true,"href":"https:\/\/atlensys.com\/fr\/wp-json\/wp\/v2\/users\/1"}],"replies":[{"embeddable":true,"href":"https:\/\/atlensys.com\/fr\/wp-json\/wp\/v2\/comments?post=2693"}],"version-history":[{"count":18,"href":"https:\/\/atlensys.com\/fr\/wp-json\/wp\/v2\/pages\/2693\/revisions"}],"predecessor-version":[{"id":3313,"href":"https:\/\/atlensys.com\/fr\/wp-json\/wp\/v2\/pages\/2693\/revisions\/3313"}],"wp:attachment":[{"href":"https:\/\/atlensys.com\/fr\/wp-json\/wp\/v2\/media?parent=2693"}],"curies":[{"name":"wp","href":"https:\/\/api.w.org\/{rel}","templated":true}]}}