{"id":104,"date":"2025-04-22T13:15:41","date_gmt":"2025-04-22T11:15:41","guid":{"rendered":"https:\/\/atlensys.com\/?page_id=104"},"modified":"2026-03-17T16:35:50","modified_gmt":"2026-03-17T15:35:50","slug":"accueil","status":"publish","type":"page","link":"https:\/\/atlensys.com\/fr\/","title":{"rendered":"Accueil"},"content":{"rendered":"\n<section id=\"laser-and-photonic-new-technologies-experts\" class=\"darkblue\">\n    <div class=\"container\">\n        \n\n<div class=\"image-background\">\n                <div class=\"image-centered\" style=\"background-image: url('https:\/\/atlensys.com\/wp-content\/uploads\/2025\/04\/atlensys-homepage-group-logo.png');background-size:100% 100%;background-repeat:no-repeat;width:400px;height:400px;\"><\/div>\n        <div class=\"content\">\n            \n\n    <h2 class=\"title white\">UN GROUPE EXPERT EN NOUVELLES<br>\r\nTECHNOLOGIES LASER ET PHOTONIQUE<\/h2>\n\n\n\n<div class=\"text\">\n            <p style=\"text-align: center;\">Nous mettons les technologies laser et opto-\u00e9lectroniques les plus avanc\u00e9es au service<br \/>\ndes applications industrielles et scientifiques.<\/p>\n<p style=\"text-align: center;\">En repensant la cha\u00eene de valeur traditionnelle, nous offrons des solutions sur mesure \u00e0 forte valeur ajout\u00e9e, de la conception des projets \u00e0 la maintenance des \u00e9quipements et machines.<\/p>\n    <\/div>\n\n        <\/div>\n    <\/div>\n\n    <\/div>\n<\/section>\n\n\n<section id=\"our-fields-of-expertise\" class=\"verydarkblue\">\n    <div class=\"container\">\n        \n\n    <h2 class=\"title white\">Nos domaines d&rsquo;expertise<\/h2>\n\n\n<div class=\"block-cards-background\">\n    <ul class=\"cards\">\n                    <li style=\"background-image: url('https:\/\/atlensys.com\/wp-content\/uploads\/2025\/06\/Optoprim_iStock-1048320802_RVB_V2_bleu-scaled.jpg');background-size:cover;background-repeat:no-repeat;\">\n                <div class=\"card\">\n                                            <img decoding=\"async\" class=\"logo\" src=\"https:\/\/atlensys.com\/wp-content\/uploads\/2025\/04\/optoprim-logo.svg\" alt=\"\">\n                    \n                    \n                                            <p>Distribution de solution laser\r\net optiques<\/p>                    \n                                            <div class=\"button-wrap\">\n                            <a class=\"btn-primary\" href=\"\/fr\/expertise\/#specialist-in-the-distribution-of-photonic-solutions\">En savoir plus<\/a>\n                        <\/div>\n                                        \n                <\/div>\n            <\/li>\n                    <li style=\"background-image: url('https:\/\/atlensys.com\/wp-content\/uploads\/2025\/05\/atlensys-homepage-our-expertises-background2-v2-scaled.jpg');background-size:cover;background-repeat:no-repeat;\">\n                <div class=\"card\">\n                                            <img decoding=\"async\" class=\"logo\" src=\"https:\/\/atlensys.com\/wp-content\/uploads\/2025\/04\/industrial-laser-systems-logo.svg\" alt=\"Logo ILS (Industrial Laser Systems)\">\n                    \n                    \n                                            <p>Fabrication de machines laser sp\u00e9ciales\r\npour l&rsquo;industrie<\/p>                    \n                                            <div class=\"button-wrap\">\n                            <a class=\"btn-primary\" href=\"\/fr\/expertise\/#specialist-in-the-design-of-special-laser-machines\">En savoir plus<\/a>\n                        <\/div>\n                                        \n                <\/div>\n            <\/li>\n                    <li style=\"background-image: url('https:\/\/atlensys.com\/wp-content\/uploads\/2025\/05\/atlensys-homepage-our-expertises-background3.jpg');background-size:cover;background-repeat:no-repeat;\">\n                <div class=\"card\">\n                                            <img decoding=\"async\" class=\"logo\" src=\"https:\/\/atlensys.com\/wp-content\/uploads\/2025\/05\/gataca-systems-logo-v2.svg\" alt=\"\">\n                    \n                    \n                                            <p>Fabrication de syst\u00e8mes optiques laser\r\npour la recherche et l&rsquo;industrie.<\/p>                    \n                                            <div class=\"button-wrap\">\n                            <a class=\"btn-primary\" href=\"\/fr\/expertise\/#specialist-in-optical-laser-systems\">En savoir plus<\/a>\n                        <\/div>\n                                        \n                <\/div>\n            <\/li>\n            <\/ul>\n<\/div>\n\n    <\/div>\n<\/section>\n\n\n<section id=\"our-european-presence\" class=\"darkblue\">\n    <div class=\"container\">\n        \n\n<div class=\"block-text-map ltr\">\n    <div class=\"left\">\n                    <div class=\"title\">\n                <h2>Notre pr\u00e9sence europ\u00e9enne<\/h2>\n            <\/div>\n                            <div class=\"text\">\n                Gr\u00e2ce \u00e0 notre implantation strat\u00e9gique en France, en Italie et en Allemagne,\r\nnous nous positionnons au c\u0153ur de la transition des industries europ\u00e9ennes\r\nvers les technologies laser les plus avanc\u00e9es.            <\/div>\n            <\/div> \n    <div class=\"map right\"  style=\"background-image:url('https:\/\/atlensys.com\/wp-content\/uploads\/2025\/04\/atlensys-homepage-europe-map-raw.svg');background-size:100% 100%;background-repeat:no-repeat;\">\n        <div class=\"map__pois\">\n                                        <div id=\"1\" class=\"poi\" style=\"position:absolute;top:43%;left:23%;\">\n                                <img decoding=\"async\" class=\"img-default\" src=\"https:\/\/atlensys.com\/wp-content\/uploads\/2025\/04\/atlensys-homepage-europe-map-poi.svg\" alt=\"ATLENSYS point d&#039;int\u00e9r\u00eat\">\n                                <img decoding=\"async\" class=\"img-hover\" src=\"https:\/\/atlensys.com\/wp-content\/uploads\/2025\/05\/atlensys-optoprim-symbol.svg\" alt=\"\">\n                            <\/div>\n                                        <div id=\"2\" class=\"poi\" style=\"position:absolute;top:40%;left:39%;\">\n                                <img decoding=\"async\" class=\"img-default\" src=\"https:\/\/atlensys.com\/wp-content\/uploads\/2025\/04\/atlensys-homepage-europe-map-poi.svg\" alt=\"ATLENSYS point d&#039;int\u00e9r\u00eat\">\n                                <img decoding=\"async\" class=\"img-hover\" src=\"https:\/\/atlensys.com\/wp-content\/uploads\/2025\/05\/atlensys-optoprim-symbol.svg\" alt=\"\">\n                            <\/div>\n                                        <div id=\"3\" class=\"poi\" style=\"position:absolute;top:55%;left:39%;\">\n                                <img decoding=\"async\" class=\"img-default\" src=\"https:\/\/atlensys.com\/wp-content\/uploads\/2025\/04\/atlensys-homepage-europe-map-poi.svg\" alt=\"ATLENSYS point d&#039;int\u00e9r\u00eat\">\n                                <img decoding=\"async\" class=\"img-hover\" src=\"https:\/\/atlensys.com\/wp-content\/uploads\/2025\/05\/atlensys-optoprim-symbol.svg\" alt=\"\">\n                            <\/div>\n                        <div data-id=\"1\" class=\"insert-list\">\n                                        <div class=\"insert-box\">\n                                            <img decoding=\"async\" class=\"img-insert\" src=\"https:\/\/atlensys.com\/wp-content\/uploads\/2025\/05\/atlensys-optoprim-symbol.svg\" alt=\"\" \/>\n                                            <div class=\"insert-text\"><p style=\"text-align: left;\">Si\u00e8ge Social<br\/>\r\nOptoprim SAS<br\/>\r\n40 rue Victor Basch<br\/>\r\n91300 Massy France<\/p><\/div>\n                                        <\/div>\n                                        \n                                        <div class=\"insert-box\">\n                                            <img decoding=\"async\" class=\"img-insert\" src=\"https:\/\/atlensys.com\/wp-content\/uploads\/2025\/05\/atlensys-ils-symbol.svg\" alt=\"\" \/>\n                                            <div class=\"insert-text\"><p style=\"text-align: left;\">Si\u00e8ge Social<br\/>\r\nIndustrial Laser Systems<br\/>\r\n2 rue Sophie Germain<br\/>\r\n77610 Fontenay Tresigny France<\/p><\/div>\n                                        <\/div>\n                                        \n                                        <div class=\"insert-box\">\n                                            <img decoding=\"async\" class=\"img-insert\" src=\"https:\/\/atlensys.com\/wp-content\/uploads\/2025\/05\/atlensys-gataca-symbol.svg\" alt=\"\" \/>\n                                            <div class=\"insert-text\"><p style=\"text-align: left;\">Si\u00e8ge Social<br\/>\r\nGataca Systems<br\/>\r\n40 rue Victor Basch<br\/>\r\n91300 Massy France<\/p><\/div>\n                                        <\/div>\n                                        \n                        <\/div><div data-id=\"2\" class=\"insert-list\">\n                                        <div class=\"insert-box\">\n                                            <img decoding=\"async\" class=\"img-insert\" src=\"https:\/\/atlensys.com\/wp-content\/uploads\/2025\/05\/atlensys-optoprim-symbol.svg\" alt=\"\" \/>\n                                            <div class=\"insert-text\"><p style=\"text-align: left;\">Optoprim GmbH<br\/>\r\nEinsteinstr. 12<br\/>\r\n85716 Unterschleissheim<\/p><\/div>\n                                        <\/div>\n                                        \n                        <\/div><div data-id=\"3\" class=\"insert-list\">\n                                        <div class=\"insert-box\">\n                                            <img decoding=\"async\" class=\"img-insert\" src=\"https:\/\/atlensys.com\/wp-content\/uploads\/2025\/05\/atlensys-optoprim-symbol.svg\" alt=\"\" \/>\n                                            <div class=\"insert-text\"><p style=\"text-align: left;\">Optoprim Srl<br\/>\r\nVia dei Quadri 42 20871<br\/>\r\nVimercate (MB)<\/p><\/div>\n                                        <\/div>\n                                        \n                        <\/div>        <\/div>\n    <\/div>\n<\/div>\n\n    <\/div>\n<\/section>\n\n\n<section id=\"our-european-presence-key-numbers\" class=\"primaryblue\">\n    <div class=\"container\">\n        \n<div class=\"block-cards-picto-title\">\n    <ul class=\"cards\">\n                    \n                            <li class=\"w24\">\n            \n            \n                \n                                    <div class=\"picto\">\n                        <img decoding=\"async\" class=\"img-default\" src=\"https:\/\/atlensys.com\/wp-content\/uploads\/2025\/04\/atlensys-picto-30-years1.svg\" alt=\"30 ans expertise\">\n                        <img decoding=\"async\" class=\"img-hover\" src=\"https:\/\/atlensys.com\/wp-content\/uploads\/2025\/04\/atlensys-picto-30-years2.svg\" alt=\"30 ans expertise\">\n                    <\/div>\n                \n                                    <div class=\"title\">\n                        <strong>30 ans<\/strong><br>\r\nd&rsquo;expertise                    <\/div>\n                \n                            <\/li>\n                    \n                            <li class=\"w24\">\n            \n            \n                \n                                    <div class=\"picto\">\n                        <img decoding=\"async\" class=\"img-default\" src=\"https:\/\/atlensys.com\/wp-content\/uploads\/2025\/04\/atlensys-picto-over-100-employees1.svg\" alt=\"100 employ\u00e9s\">\n                        <img decoding=\"async\" class=\"img-hover\" src=\"https:\/\/atlensys.com\/wp-content\/uploads\/2025\/04\/atlensys-picto-over-100-employees2.svg\" alt=\"100 employ\u00e9s\">\n                    <\/div>\n                \n                                    <div class=\"title\">\n                        <strong>+ de 100<\/strong><br>\r\nemploy\u00e9s                    <\/div>\n                \n                            <\/li>\n                    \n                            <li class=\"w24\">\n            \n            \n                \n                                    <div class=\"picto\">\n                        <img decoding=\"async\" class=\"img-default\" src=\"https:\/\/atlensys.com\/wp-content\/uploads\/2025\/04\/atlensys-picto-70-millions-sales1.svg\" alt=\"70 millions CA\">\n                        <img decoding=\"async\" class=\"img-hover\" src=\"https:\/\/atlensys.com\/wp-content\/uploads\/2025\/04\/atlensys-picto-70-millions-sales2.svg\" alt=\"70 millions CA\">\n                    <\/div>\n                \n                                    <div class=\"title\">\n                        <strong>70 millions<\/strong><br> \r\nd&rsquo;euros de CA                    <\/div>\n                \n                            <\/li>\n                    \n                            <li class=\"w24\">\n            \n            \n                \n                                    <div class=\"picto\">\n                        <img decoding=\"async\" class=\"img-default\" src=\"https:\/\/atlensys.com\/wp-content\/uploads\/2025\/04\/atlensys-picto-5-subsidiaries1.svg\" alt=\"5 filiales europe\">\n                        <img decoding=\"async\" class=\"img-hover\" src=\"https:\/\/atlensys.com\/wp-content\/uploads\/2025\/04\/atlensys-picto-5-subsidiaries2.svg\" alt=\"5 filiales europe\">\n                    <\/div>\n                \n                                    <div class=\"title\">\n                        <strong>5 filiales<\/strong><br>\r\nen Europe                    <\/div>\n                \n                            <\/li>\n            <\/ul>\n<\/div>\n\n    <\/div>\n<\/section>\n\n\n<section id=\"an-innovative-vision\" class=\"verydarkblue\">\n    <div class=\"container\">\n        \n\n    <h2 class=\"title white\">Une vision tourn\u00e9e vers l\u2019innovation<\/h2>\n\n\n\n<div class=\"text\">\n            <p>Nous acc\u00e9l\u00e9rons l\u2019innovation et accompagnons la transformation des industries gr\u00e2ce aux technologies laser.<\/p>\n    <\/div>\n\n<div class=\"block-cards-superposed-images\">\n    <ul class=\"cards\">\n                    <li>\n                <div class=\"back-image\" style=\"background-image: url('https:\/\/atlensys.com\/wp-content\/uploads\/2025\/05\/atlensys-homepage-an-innovative-vision-back1-v2-scaled.jpg');background-size:cover;background-repeat:no-repeat;\"><\/div>\n                <div class=\"front-image\">\n                    <img decoding=\"async\" src=\"https:\/\/atlensys.com\/wp-content\/uploads\/2025\/05\/atlensys-homepage-an-innovative-vision-logo.png\" alt=\"ATLENSYS white group logo\">\n                <\/div>\n                                    <div class=\"text\"><p>Innovation<br>\r\n&amp; RD<\/p><\/div>                            <\/li>\n                    <li>\n                <div class=\"back-image\" style=\"background-image: url('https:\/\/atlensys.com\/wp-content\/uploads\/2025\/05\/atlensys-homepage-an-innovative-vision-back2-v2-scaled.jpg');background-size:cover;background-repeat:no-repeat;\"><\/div>\n                <div class=\"front-image\">\n                    <img decoding=\"async\" src=\"https:\/\/atlensys.com\/wp-content\/uploads\/2025\/05\/atlensys-homepage-an-innovative-vision-logo.png\" alt=\"ATLENSYS white group logo\">\n                <\/div>\n                                    <div class=\"text\"><p>Croissance<br> et acquisition (M&#038;A)<\/p><\/div>                            <\/li>\n                    <li>\n                <div class=\"back-image\" style=\"background-image: url('https:\/\/atlensys.com\/wp-content\/uploads\/2025\/05\/atlensys-homepage-an-innovative-vision-back3-v2-scaled.jpg');background-size:cover;background-repeat:no-repeat;\"><\/div>\n                <div class=\"front-image\">\n                    <img decoding=\"async\" src=\"https:\/\/atlensys.com\/wp-content\/uploads\/2025\/05\/atlensys-homepage-an-innovative-vision-logo.png\" alt=\"ATLENSYS white group logo\">\n                <\/div>\n                                    <div class=\"text\"><p>Technologies<br>\r\ndurables<\/p><\/div>                            <\/li>\n            <\/ul>\n<\/div>\n\n    <\/div>\n<\/section>\n\n\n<section id=\"headlines\" class=\"darkblue\">\n    <div class=\"container\">\n        \n\n    <h2 class=\"title white\">\u00c0 la une<\/h2>\n\n\n \n    <div class=\"headlines\">\n        <div class=\"headlines__image\">\n            <img loading=\"lazy\" decoding=\"async\" width=\"1024\" height=\"397\" src=\"https:\/\/atlensys.com\/wp-content\/uploads\/2025\/07\/EPIC-Technology-Meeting-on-Industrial-Laser-Processes-at-Optoprim-1-1024x397.jpg\" class=\"attachment-large size-large wp-post-image\" alt=\"\" srcset=\"https:\/\/atlensys.com\/wp-content\/uploads\/2025\/07\/EPIC-Technology-Meeting-on-Industrial-Laser-Processes-at-Optoprim-1-1024x397.jpg 1024w, https:\/\/atlensys.com\/wp-content\/uploads\/2025\/07\/EPIC-Technology-Meeting-on-Industrial-Laser-Processes-at-Optoprim-1-300x116.jpg 300w, https:\/\/atlensys.com\/wp-content\/uploads\/2025\/07\/EPIC-Technology-Meeting-on-Industrial-Laser-Processes-at-Optoprim-1-768x298.jpg 768w, https:\/\/atlensys.com\/wp-content\/uploads\/2025\/07\/EPIC-Technology-Meeting-on-Industrial-Laser-Processes-at-Optoprim-1-1536x595.jpg 1536w, https:\/\/atlensys.com\/wp-content\/uploads\/2025\/07\/EPIC-Technology-Meeting-on-Industrial-Laser-Processes-at-Optoprim-1.jpg 1600w\" sizes=\"auto, (max-width: 1024px) 100vw, 1024px\" \/>        <\/div>\n        <div class=\"headlines__content\">\n            <div class=\"headlines__title\">\n                <h3>EPIC Meeting \u2013 Industrial Laser Innovation at Optoprim<\/h3>\n            <\/div>\n            <div class=\"headlines__excerpt\">\n                <p>Discover cutting-edge industrial laser processes at the EPIC Meeting hosted by Optoprim. Join experts across The EPIC Meeting at Optoprim Italy will bring together experts in industrial laser technologies from across Europe. This event is part of the ATLENSYS Group initiative to promote innovation in laser-based manufacturing. In recent years, laser applications have grown significantly. [&hellip;]<\/p>\n            <\/div>\n            <div class=\"headlines__caption\">\n                            <\/div>\n            <div class=\"headlines__link\">\n                                <a href=\"\/fr\/\" class=\"btn-primary\">En savoir plus<\/a>\n            <\/div>\n        <\/div>\n    <\/div>\n\n\n    <\/div>\n<\/section>\n\n\n<section id=\"any-questions\" class=\"darkblue\">\n    <div class=\"container\">\n        \n\n<div class=\"video-background\">\n    <video autoplay muted loop playsinline preload=\"none\" poster=\"https:\/\/atlensys.com\/wp-content\/uploads\/2026\/03\/poster_footer.webp\" style=\"width:100%; height:auto; object-fit:cover;\">\n        <source src=\"https:\/\/atlensys.com\/wp-content\/uploads\/2026\/03\/atlensys-homepage-any-questions-video-compressed.mp4\" type=\"video\/mp4\">\n    <\/video>\n    <div class=\"video-background__overlay\"><\/div>\n    <div class=\"video-background__content\">\n        <div class=\"container\">\n            <div class=\"wrap\">\n                \n\n    <h2 class=\"title white\">Des questions \u00e0 propos d\u2019ATLENSYS ?<\/h2>\n\n\n\n<div class=\"button-wrap\">\n            <a href=\"\/fr\/contact\" target=\"_self\" class=\"btn-primary\">\n            Contactez-nous        <\/a>\n    <\/div>\n\n            <\/div>\n        <\/div>\n    <\/div>\n<\/div>\n\n\n    <\/div>\n<\/section>","protected":false},"excerpt":{"rendered":"","protected":false},"author":1,"featured_media":0,"parent":0,"menu_order":0,"comment_status":"closed","ping_status":"closed","template":"page-home","meta":{"_acf_changed":false,"footnotes":""},"class_list":["post-104","page","type-page","status-publish","hentry"],"acf":[],"aioseo_notices":[],"_links":{"self":[{"href":"https:\/\/atlensys.com\/fr\/wp-json\/wp\/v2\/pages\/104","targetHints":{"allow":["GET"]}}],"collection":[{"href":"https:\/\/atlensys.com\/fr\/wp-json\/wp\/v2\/pages"}],"about":[{"href":"https:\/\/atlensys.com\/fr\/wp-json\/wp\/v2\/types\/page"}],"author":[{"embeddable":true,"href":"https:\/\/atlensys.com\/fr\/wp-json\/wp\/v2\/users\/1"}],"replies":[{"embeddable":true,"href":"https:\/\/atlensys.com\/fr\/wp-json\/wp\/v2\/comments?post=104"}],"version-history":[{"count":287,"href":"https:\/\/atlensys.com\/fr\/wp-json\/wp\/v2\/pages\/104\/revisions"}],"predecessor-version":[{"id":3700,"href":"https:\/\/atlensys.com\/fr\/wp-json\/wp\/v2\/pages\/104\/revisions\/3700"}],"wp:attachment":[{"href":"https:\/\/atlensys.com\/fr\/wp-json\/wp\/v2\/media?parent=104"}],"curies":[{"name":"wp","href":"https:\/\/api.w.org\/{rel}","templated":true}]}}